{"id":45,"date":"2022-10-21T15:27:06","date_gmt":"2022-10-21T13:27:06","guid":{"rendered":"http:\/\/niffksq.cluster028.hosting.ovh.net\/?page_id=45"},"modified":"2022-10-28T15:16:48","modified_gmt":"2022-10-28T13:16:48","slug":"honnoraires","status":"publish","type":"page","link":"https:\/\/garonneavocats.fr\/index.php\/honnoraires\/","title":{"rendered":"LES HONORAIRES"},"content":{"rendered":"\n<p><strong>Les honoraires de base<\/strong><\/p>\n\n\n\n<p>Une convention d&rsquo;honoraires sera \u00e9tablie entre les parties pr\u00e9cisant les missions et les modalit\u00e9s relatives aux honoraires. \u00a0<\/p>\n\n\n\n<ul class=\"wp-block-list\"><li>Soit au forfait\u00a0:<\/li><\/ul>\n\n\n\n<p>Les honoraires sont librement discut\u00e9s avec le client et adapt\u00e9s avec la proc\u00e9dure judiciaire \u00e0 engager. Une premi\u00e8re provision est factur\u00e9e au client \u00e0 l&rsquo;ouverture du dossier.<\/p>\n\n\n\n<p><\/p>\n\n\n\n<ul class=\"wp-block-list\"><li>Soit au taux horaire<\/li><\/ul>\n\n\n\n<p>Les honoraires seront bas\u00e9s sur le nombre d\u2019heures consacr\u00e9es au traitement du dossier par le cabinet. Le montant des honoraires sera donc fonction \u00e0 la fois du temps pass\u00e9 et du taux horaire.<\/p>\n\n\n\n<p><\/p>\n\n\n\n<p><strong>L\u2019honoraire de r\u00e9sultat<\/strong><\/p>\n\n\n\n<p>La convention d\u2019honoraires peut pr\u00e9voir un honoraire compl\u00e9mentaire de r\u00e9sultat, r\u00e9mun\u00e9rant l\u2019avocat suivant un\u00a0pourcentage du r\u00e9sultat obtenu. Cet honoraire de r\u00e9sultat est d\u00e9termin\u00e9 avec le client en fonction de l\u2019honoraire de base. <\/p>\n\n\n\n<p><strong>Assurance protection juridique<\/strong><\/p>\n\n\n\n<p>Si vous b\u00e9n\u00e9ficiez d&rsquo;une assurance protection juridique les honoraires de base de Cabinet peuvent \u00eatre prix en charge, partiellement ou int\u00e9gralement par votre compagnie d&rsquo;assurance.<\/p>\n\n\n\n<p><\/p>\n\n\n\n<p><\/p>\n\n\n\n<p><\/p>\n","protected":false},"excerpt":{"rendered":"<p>Les honoraires de base Une convention d&rsquo;honoraires sera \u00e9tablie entre les parties pr\u00e9cisant les missions et les modalit\u00e9s relatives aux honoraires. \u00a0 Soit au forfait\u00a0: Les honoraires sont librement discut\u00e9s avec le client et adapt\u00e9s avec la proc\u00e9dure judiciaire \u00e0 engager. Une premi\u00e8re provision est factur\u00e9e au client \u00e0 l&rsquo;ouverture [&hellip;]<\/p>\n","protected":false},"author":1,"featured_media":23,"parent":0,"menu_order":0,"comment_status":"closed","ping_status":"closed","template":"","meta":{"footnotes":""},"class_list":["post-45","page","type-page","status-publish","has-post-thumbnail","hentry"],"_links":{"self":[{"href":"https:\/\/garonneavocats.fr\/index.php\/wp-json\/wp\/v2\/pages\/45","targetHints":{"allow":["GET"]}}],"collection":[{"href":"https:\/\/garonneavocats.fr\/index.php\/wp-json\/wp\/v2\/pages"}],"about":[{"href":"https:\/\/garonneavocats.fr\/index.php\/wp-json\/wp\/v2\/types\/page"}],"author":[{"embeddable":true,"href":"https:\/\/garonneavocats.fr\/index.php\/wp-json\/wp\/v2\/users\/1"}],"replies":[{"embeddable":true,"href":"https:\/\/garonneavocats.fr\/index.php\/wp-json\/wp\/v2\/comments?post=45"}],"version-history":[{"count":15,"href":"https:\/\/garonneavocats.fr\/index.php\/wp-json\/wp\/v2\/pages\/45\/revisions"}],"predecessor-version":[{"id":156,"href":"https:\/\/garonneavocats.fr\/index.php\/wp-json\/wp\/v2\/pages\/45\/revisions\/156"}],"wp:featuredmedia":[{"embeddable":true,"href":"https:\/\/garonneavocats.fr\/index.php\/wp-json\/wp\/v2\/media\/23"}],"wp:attachment":[{"href":"https:\/\/garonneavocats.fr\/index.php\/wp-json\/wp\/v2\/media?parent=45"}],"curies":[{"name":"wp","href":"https:\/\/api.w.org\/{rel}","templated":true}]}}